{"id":21,"date":"2020-03-23T14:06:58","date_gmt":"2020-03-23T14:06:58","guid":{"rendered":"https:\/\/uma.edu-vd.ch\/?page_id=21"},"modified":"2025-09-08T14:32:55","modified_gmt":"2025-09-08T14:32:55","slug":"accueil","status":"publish","type":"page","link":"https:\/\/uma.edu-vd.ch\/","title":{"rendered":"Bienvenue sur le site public de l&rsquo;Unit\u00e9 migration accueil"},"content":{"rendered":"\n<hr class=\"wp-block-separator has-alpha-channel-opacity is-style-wide\"\/>\n\n\n\n<p><\/p>\n\n\n\n<div class=\"wp-block-columns is-layout-flex wp-container-core-columns-is-layout-9d6595d7 wp-block-columns-is-layout-flex\">\n<div class=\"wp-block-column is-layout-flow wp-block-column-is-layout-flow\">\n<h2 class=\"wp-block-heading has-text-align-center\"><mark style=\"background-color:rgba(0, 0, 0, 0)\" class=\"has-inline-color has-pale-cyan-blue-color\"><a href=\"https:\/\/uma.edu-vd.ch\/index.php\/accueillir-un-eleve\/\" data-type=\"link\" data-id=\"https:\/\/uma.edu-vd.ch\/index.php\/accueillir-un-eleve\/\">Accueillir un \u00e9l\u00e8ve allophone<\/a><\/mark><\/h2>\n\n\n<div class=\"wp-block-image\">\n<figure class=\"aligncenter size-full is-resized\"><img loading=\"lazy\" decoding=\"async\" width=\"437\" height=\"289\" src=\"https:\/\/uma.edu-vd.ch\/wp-content\/uploads\/2024\/08\/Entracc.jpg\" alt=\"\" class=\"wp-image-2575\" style=\"width:228px;height:auto\" srcset=\"https:\/\/uma.edu-vd.ch\/wp-content\/uploads\/2024\/08\/Entracc.jpg 437w, https:\/\/uma.edu-vd.ch\/wp-content\/uploads\/2024\/08\/Entracc-300x198.jpg 300w\" sizes=\"auto, (max-width: 437px) 100vw, 437px\" \/><\/figure>\n<\/div>\n\n\n<p class=\"has-text-align-center\">Entretien d&rsquo;accueil &#8211; Outils de positionnement &#8211; Pr\u00e9sentation du syst\u00e8me scolaire &#8211; Interpr\u00e8te &#8211; Primo information pour les parents<\/p>\n<\/div>\n\n\n\n<div class=\"wp-block-column is-layout-flow wp-block-column-is-layout-flow\">\n<h2 class=\"wp-block-heading has-text-align-center\"><a href=\"https:\/\/uma.edu-vd.ch\/index.php\/ressources\/\">Ressources<\/a><br><\/h2>\n\n\n<div class=\"wp-block-image\">\n<figure class=\"aligncenter size-full is-resized\"><img loading=\"lazy\" decoding=\"async\" width=\"379\" height=\"281\" src=\"https:\/\/uma.edu-vd.ch\/wp-content\/uploads\/2024\/08\/Ressources.jpg\" alt=\"\" class=\"wp-image-2578\" style=\"width:209px;height:auto\" srcset=\"https:\/\/uma.edu-vd.ch\/wp-content\/uploads\/2024\/08\/Ressources.jpg 379w, https:\/\/uma.edu-vd.ch\/wp-content\/uploads\/2024\/08\/Ressources-300x222.jpg 300w\" sizes=\"auto, (max-width: 379px) 100vw, 379px\" \/><\/figure>\n<\/div>\n\n\n<p class=\"has-text-align-center\">Sites Internet &#8211; Portails cantonaux<\/p>\n<\/div>\n\n\n\n<div class=\"wp-block-column is-layout-flow wp-block-column-is-layout-flow\">\n<h2 class=\"wp-block-heading has-text-align-center\"><a href=\"https:\/\/uma.edu-vd.ch\/index.php\/formation\/\">Formation<\/a><br><\/h2>\n\n\n<div class=\"wp-block-image\">\n<figure class=\"aligncenter size-full is-resized\"><img loading=\"lazy\" decoding=\"async\" width=\"418\" height=\"276\" src=\"https:\/\/uma.edu-vd.ch\/wp-content\/uploads\/2024\/08\/Formation.jpg\" alt=\"\" class=\"wp-image-2579\" style=\"width:232px;height:auto\" srcset=\"https:\/\/uma.edu-vd.ch\/wp-content\/uploads\/2024\/08\/Formation.jpg 418w, https:\/\/uma.edu-vd.ch\/wp-content\/uploads\/2024\/08\/Formation-300x198.jpg 300w\" sizes=\"auto, (max-width: 418px) 100vw, 418px\" \/><\/figure>\n<\/div>\n\n\n<p class=\"has-text-align-center\">Formations UMA &#8211; Formation des enseignants &#8211; Formation continue des professionnels de la migration &#8211; Formation sp\u00e9cifique pour les jeunes ou adultes issus de la migration<\/p>\n<\/div>\n<\/div>\n\n\n\n<div class=\"wp-block-columns is-layout-flex wp-container-core-columns-is-layout-9d6595d7 wp-block-columns-is-layout-flex\">\n<div class=\"wp-block-column is-layout-flow wp-block-column-is-layout-flow\">\n<h2 class=\"wp-block-heading has-text-align-center\"><a href=\"https:\/\/uma.edu-vd.ch\/index.php\/publications\/\">Publications<\/a><br><\/h2>\n\n\n<div class=\"wp-block-image\">\n<figure class=\"aligncenter size-full is-resized\"><img loading=\"lazy\" decoding=\"async\" width=\"425\" height=\"281\" src=\"https:\/\/uma.edu-vd.ch\/wp-content\/uploads\/2024\/08\/Publications.jpg\" alt=\"\" class=\"wp-image-2580\" style=\"width:224px;height:auto\" srcset=\"https:\/\/uma.edu-vd.ch\/wp-content\/uploads\/2024\/08\/Publications.jpg 425w, https:\/\/uma.edu-vd.ch\/wp-content\/uploads\/2024\/08\/Publications-300x198.jpg 300w\" sizes=\"auto, (max-width: 425px) 100vw, 425px\" \/><\/figure>\n<\/div>\n\n\n<p class=\"has-text-align-center\">Guides et brochures de l&rsquo;UMA &#8211; Flyers UMA &#8211; Associations et organismes officiels &#8211; Publications scientifiques &#8211; Revues<\/p>\n<\/div>\n\n\n\n<div class=\"wp-block-column is-layout-flow wp-block-column-is-layout-flow\">\n<h2 class=\"wp-block-heading has-text-align-center\"><a href=\"https:\/\/uma.edu-vd.ch\/index.php\/textes-officiels\/\">Textes officiels<\/a><br><\/h2>\n\n\n<div class=\"wp-block-image\">\n<figure class=\"aligncenter size-full is-resized\"><img loading=\"lazy\" decoding=\"async\" width=\"429\" height=\"279\" src=\"https:\/\/uma.edu-vd.ch\/wp-content\/uploads\/2024\/08\/Textesoff.jpg\" alt=\"\" class=\"wp-image-2581\" style=\"width:231px;height:auto\" srcset=\"https:\/\/uma.edu-vd.ch\/wp-content\/uploads\/2024\/08\/Textesoff.jpg 429w, https:\/\/uma.edu-vd.ch\/wp-content\/uploads\/2024\/08\/Textesoff-300x195.jpg 300w\" sizes=\"auto, (max-width: 429px) 100vw, 429px\" \/><\/figure>\n<\/div>\n\n\n<p class=\"has-text-align-center\">Directives DGEO &#8211; Textes officiels DGEO-DEF &#8211; Recommandations de la CDIP<\/p>\n<\/div>\n\n\n\n<div class=\"wp-block-column is-layout-flow wp-block-column-is-layout-flow\">\n<h2 class=\"wp-block-heading has-text-align-center\"><a href=\"https:\/\/uma.edu-vd.ch\/index.php\/crises\/\">Informations migration<\/a><\/h2>\n\n\n<div class=\"wp-block-image\">\n<figure class=\"aligncenter size-full is-resized\"><img loading=\"lazy\" decoding=\"async\" width=\"511\" height=\"240\" src=\"https:\/\/uma.edu-vd.ch\/wp-content\/uploads\/2024\/08\/Infomig.jpg\" alt=\"\" class=\"wp-image-2582\" style=\"width:324px;height:auto\" srcset=\"https:\/\/uma.edu-vd.ch\/wp-content\/uploads\/2024\/08\/Infomig.jpg 511w, https:\/\/uma.edu-vd.ch\/wp-content\/uploads\/2024\/08\/Infomig-300x141.jpg 300w\" sizes=\"auto, (max-width: 511px) 100vw, 511px\" \/><\/figure>\n<\/div>\n\n\n<p class=\"has-text-align-center\">Informations g\u00e9n\u00e9rales &#8211; Situations extraordinaires<\/p>\n<\/div>\n<\/div>\n","protected":false},"excerpt":{"rendered":"<p>Accueillir un \u00e9l\u00e8ve allophone Entretien d&rsquo;accueil &#8211; Outils de positionnement &#8211; Pr\u00e9sentation du syst\u00e8me scolaire &#8211; Interpr\u00e8te &#8211; Primo information pour les parents Ressources Sites Internet &#8211; Portails cantonaux Formation Formations UMA &#8211; Formation des enseignants &#8211; Formation continue des [&hellip;]<\/p>\n","protected":false},"author":1,"featured_media":0,"parent":0,"menu_order":0,"comment_status":"closed","ping_status":"closed","template":"","meta":{"footnotes":""},"class_list":["post-21","page","type-page","status-publish","hentry"],"_links":{"self":[{"href":"https:\/\/uma.edu-vd.ch\/index.php\/wp-json\/wp\/v2\/pages\/21","targetHints":{"allow":["GET"]}}],"collection":[{"href":"https:\/\/uma.edu-vd.ch\/index.php\/wp-json\/wp\/v2\/pages"}],"about":[{"href":"https:\/\/uma.edu-vd.ch\/index.php\/wp-json\/wp\/v2\/types\/page"}],"author":[{"embeddable":true,"href":"https:\/\/uma.edu-vd.ch\/index.php\/wp-json\/wp\/v2\/users\/1"}],"replies":[{"embeddable":true,"href":"https:\/\/uma.edu-vd.ch\/index.php\/wp-json\/wp\/v2\/comments?post=21"}],"version-history":[{"count":108,"href":"https:\/\/uma.edu-vd.ch\/index.php\/wp-json\/wp\/v2\/pages\/21\/revisions"}],"predecessor-version":[{"id":2844,"href":"https:\/\/uma.edu-vd.ch\/index.php\/wp-json\/wp\/v2\/pages\/21\/revisions\/2844"}],"wp:attachment":[{"href":"https:\/\/uma.edu-vd.ch\/index.php\/wp-json\/wp\/v2\/media?parent=21"}],"curies":[{"name":"wp","href":"https:\/\/api.w.org\/{rel}","templated":true}]}}