{"id":2677,"date":"2024-09-19T13:00:49","date_gmt":"2024-09-19T13:00:49","guid":{"rendered":"https:\/\/uma.edu-vd.ch\/?page_id=2677"},"modified":"2024-09-19T13:01:18","modified_gmt":"2024-09-19T13:01:18","slug":"informations-generales-pour-postuler-dans-une-structure-daccueil-du-canton","status":"publish","type":"page","link":"https:\/\/uma.edu-vd.ch\/index.php\/informations-generales-pour-postuler-dans-une-structure-daccueil-du-canton\/","title":{"rendered":"Informations g\u00e9n\u00e9rales pour postuler dans une structure d\u2019accueil du Canton"},"content":{"rendered":"\n<h2 class=\"wp-block-heading\"><mark style=\"background-color:rgba(0, 0, 0, 0)\" class=\"has-inline-color has-vivid-cyan-blue-color\"><strong>Vous souhaitez enseigner aupr\u00e8s d&rsquo;\u00e9l\u00e8ves allophones \u00e0 l&rsquo;\u00e9cole obligatoire ? Vous d\u00e9sirez soumettre votre candidature en tant qu&rsquo;enseignant d&rsquo;accueil et\/ou de CIF ?<\/strong> <\/mark><\/h2>\n\n\n\n<p>L\u2019Unit\u00e9 migration accueil (UMA) fait partie de l\u2019Office du soutien p\u00e9dagogique et de l\u2019enseignement sp\u00e9cialis\u00e9 (OSPES) au sein de la Direction p\u00e9dagogique (DP). Elle soutient les \u00e9tablissements scolaires en vue de favoriser l\u2019int\u00e9gration de jeunes migrants et\/ou allophones dans leur parcours scolaire et de formation. Nous portons votre attention sur le fait que<strong> <mark style=\"background-color:rgba(0, 0, 0, 0)\" class=\"has-inline-color has-vivid-red-color\">l\u2019engagement des enseignants est de la comp\u00e9tence des directions des \u00e9tablissements scolaires<\/mark><\/strong>.<\/p>\n\n\n\n<h3 class=\"wp-block-heading\">Comment soumettre sa candidature ?<\/h3>\n\n\n\n<ol class=\"wp-block-list\">\n<li><strong>Postes vacants :<\/strong> Consulter r\u00e9guli\u00e8rement les <a href=\"https:\/\/www.vd.ch\/formation\/espace-enseignement\/postuler\" target=\"_blank\" rel=\"noreferrer noopener\">offres d&#8217;emploi publi\u00e9es sur la page officielle<\/a><\/li>\n\n\n\n<li><strong>Remplacements : <\/strong>Contacter <a href=\"https:\/\/www.vd.ch\/def\/dgeo\/les-etablissements-scolaires\" target=\"_blank\" rel=\"noreferrer noopener\">les secr\u00e9tariats des \u00e9tablissements scolaires<\/a> afin de proposer sa candidature comme rempla\u00e7ant ET <a href=\"https:\/\/www.vd.ch\/formation\/espace-enseignement\/faire-des-remplacements-dans-lenseignement\" target=\"_blank\" rel=\"noreferrer noopener\">s&rsquo;inscrire sur la plateforme MIREO<\/a><\/li>\n\n\n\n<li><strong>Offres spontan\u00e9es :<\/strong> Vous pouvez adresser en tout temps votre candidature au <a href=\"https:\/\/www.lausanne.ch\/vie-pratique\/enfance-jeunesse-famille\/scolarite-a-lausanne\/scolarite-lausanne\/eleves-allophones\/creal.html\" target=\"_blank\" rel=\"noreferrer noopener\">Centre de ressources pour \u00e9l\u00e8ves allophones de Lausanne (CREAL)<\/a> qui vous contactera en cas d&rsquo;int\u00e9r\u00eat<\/li>\n<\/ol>\n\n\n\n<p>En compl\u00e9ment, nous vous invitons \u00e0 visiter les sites suivants qui pourront vous donner des informations utiles quant \u00e0 la scolarisation des enfants migrants au sein de l&rsquo;\u00e9cole obligatoire :<\/p>\n\n\n\n<ul class=\"wp-block-list\">\n<li><a href=\"https:\/\/www.vd.ch\/themes\/formation\/scolarite-obligatoire\/les-eleves-qui-parlent-une-autre-langue-allophones\/\" target=\"_blank\" rel=\"noreferrer noopener\">Site vd.ch scolarisation des \u00e9l\u00e8ves allophones<\/a><\/li>\n\n\n\n<li><a href=\"https:\/\/www.vd.ch\/fileadmin\/user_upload\/organisation\/dfj\/dgeo\/fichiers_pdf\/grilles_horaires\/GrilleHoraire_Accueil.pdf\" target=\"_blank\" rel=\"noreferrer noopener\">Grille horaire des classes d&rsquo;accueil<\/a><\/li>\n\n\n\n<li><a href=\"https:\/\/uma.edu-vd.ch\/\" target=\"_blank\" rel=\"noreferrer noopener\">Site du centre de ressources de l&rsquo;UMA<\/a><\/li>\n\n\n\n<li><a href=\"https:\/\/www.evam.ch\/\" target=\"_blank\" rel=\"noreferrer noopener\">Site de l&rsquo;EVAM<\/a><\/li>\n<\/ul>\n","protected":false},"excerpt":{"rendered":"<p>Vous souhaitez enseigner aupr\u00e8s d&rsquo;\u00e9l\u00e8ves allophones \u00e0 l&rsquo;\u00e9cole obligatoire ? Vous d\u00e9sirez soumettre votre candidature en tant qu&rsquo;enseignant d&rsquo;accueil et\/ou de CIF ? L\u2019Unit\u00e9 migration accueil (UMA) fait partie de l\u2019Office du soutien p\u00e9dagogique et de l\u2019enseignement sp\u00e9cialis\u00e9 (OSPES) au [&hellip;]<\/p>\n","protected":false},"author":1,"featured_media":0,"parent":0,"menu_order":0,"comment_status":"closed","ping_status":"closed","template":"template-full-width.php","meta":{"footnotes":""},"class_list":["post-2677","page","type-page","status-publish","hentry"],"_links":{"self":[{"href":"https:\/\/uma.edu-vd.ch\/index.php\/wp-json\/wp\/v2\/pages\/2677","targetHints":{"allow":["GET"]}}],"collection":[{"href":"https:\/\/uma.edu-vd.ch\/index.php\/wp-json\/wp\/v2\/pages"}],"about":[{"href":"https:\/\/uma.edu-vd.ch\/index.php\/wp-json\/wp\/v2\/types\/page"}],"author":[{"embeddable":true,"href":"https:\/\/uma.edu-vd.ch\/index.php\/wp-json\/wp\/v2\/users\/1"}],"replies":[{"embeddable":true,"href":"https:\/\/uma.edu-vd.ch\/index.php\/wp-json\/wp\/v2\/comments?post=2677"}],"version-history":[{"count":1,"href":"https:\/\/uma.edu-vd.ch\/index.php\/wp-json\/wp\/v2\/pages\/2677\/revisions"}],"predecessor-version":[{"id":2679,"href":"https:\/\/uma.edu-vd.ch\/index.php\/wp-json\/wp\/v2\/pages\/2677\/revisions\/2679"}],"wp:attachment":[{"href":"https:\/\/uma.edu-vd.ch\/index.php\/wp-json\/wp\/v2\/media?parent=2677"}],"curies":[{"name":"wp","href":"https:\/\/api.w.org\/{rel}","templated":true}]}}