{"id":484,"date":"2020-04-30T19:10:27","date_gmt":"2020-04-30T19:10:27","guid":{"rendered":"https:\/\/uma.edu-vd.ch\/?page_id=484"},"modified":"2025-08-08T08:56:26","modified_gmt":"2025-08-08T08:56:26","slug":"ressources","status":"publish","type":"page","link":"https:\/\/uma.edu-vd.ch\/index.php\/ressources\/","title":{"rendered":"Ressources"},"content":{"rendered":"\n<p>L&rsquo;UMA propose aux enseignants une s\u00e9lection de ressources p\u00e9dagogiques utilis\u00e9es et \u00e9prouv\u00e9es sur le terrain depuis de nombreuses ann\u00e9es. Ces ressources ne sont pas prescriptives, l&rsquo;enseignant reste libre de choisir celles qui conviennent le mieux \u00e0 sa classe. Dans cette section, nous ne publions uniquement les ressources publiques. Les enseignants sont invit\u00e9s \u00e0 se rendre sur le <a href=\"https:\/\/eduvd.sharepoint.com\/sites\/UMA\/SitePages\/Ressources%20p%C3%A9dagogiques.aspx\" target=\"_blank\" rel=\"noreferrer noopener\">Sharepoint de l&rsquo;UMA<\/a> afin d&rsquo;acc\u00e9der \u00e0 l&rsquo;ensemble des ressources.<\/p>\n\n\n\n<h2 class=\"wp-block-heading\"><mark style=\"background-color:rgba(0, 0, 0, 0);color:#6e2382\" class=\"has-inline-color\">Fran\u00e7ais<\/mark><\/h2>\n\n\n\n<div class=\"wp-block-columns is-layout-flex wp-container-core-columns-is-layout-9d6595d7 wp-block-columns-is-layout-flex\">\n<div class=\"wp-block-column is-layout-flow wp-block-column-is-layout-flow\">\n<h3 class=\"wp-block-heading\"><strong>Alphab\u00e9tisation<\/strong><\/h3>\n\n\n\n<ul class=\"wp-block-list\">\n<li><a href=\"https:\/\/www.lepointdufle.net\/apprendre_a_lire\/index.htm\" target=\"_blank\" rel=\"noreferrer noopener\">AlphaLire<\/a> : Apprentissage de la lecture avec fichiers audio<\/li>\n\n\n\n<li><a href=\"https:\/\/fr.islcollective.com\/\" target=\"_blank\" rel=\"noreferrer noopener\">iSLCOLLECTIVE<\/a>&nbsp;: Site coop\u00e9ratif international qui publie des ressources des enseignants FLE. Attention, il y a souvent des erreurs mais ce site est pratique pour des grands d\u00e9butants ou alphas car le visuel des documents est int\u00e9ressant.<\/li>\n\n\n\n<li><a href=\"http:\/\/realdemontreal.ca\/\" target=\"_blank\" rel=\"noreferrer noopener\">R\u00e9al de Montr\u00e9al<\/a> : Apprentissage du fran\u00e7ais \u00e9crit chez les adultes, cahiers en pdf \u00e0 t\u00e9l\u00e9charger<\/li>\n<\/ul>\n\n\n\n<h3 class=\"wp-block-heading\"><strong>Chanson<\/strong><\/h3>\n\n\n\n<ul class=\"wp-block-list\">\n<li><a href=\"https:\/\/carmenvera.es\/hotpot\/chansons\/index.htm\" target=\"_blank\" rel=\"noreferrer noopener\">La chanson en cours de FLE<\/a> : Exercices online d\u2019apprentissage de la langue fran\u00e7aise gr\u00e2ce aux chansons (grammaire, conjugaison, dict\u00e9e, etc.)<\/li>\n<\/ul>\n\n\n\n<h3 class=\"wp-block-heading\"><strong>DELF\/DALF<\/strong><\/h3>\n\n\n\n<ul class=\"wp-block-list\">\n<li><a href=\"https:\/\/www.fondation-esprit-francophonie.ch\/ressources-delf\" target=\"_blank\" rel=\"noreferrer noopener\">Fondation Esprit Francophonie&nbsp; <\/a>: Sites internet et ressources pour pr\u00e9parer le DELF (A1, A2, B1 et B2) et DALF (C1 et C2)<\/li>\n\n\n\n<li><a href=\"https:\/\/www.partajondelfdalf.com\/\" target=\"_blank\" rel=\"noreferrer noopener\">Partajon <\/a>: Ressources pour se pr\u00e9parer aux examens du DELF\/DALF (CO\/CE\/PO\/PE, Chansons, Lexique, etc.)<\/li>\n<\/ul>\n\n\n\n<h3 class=\"wp-block-heading\"><strong>Dictionnaire<\/strong><\/h3>\n\n\n\n<ul class=\"wp-block-list\">\n<li>Dictionnaire illustr\u00e9 ELI Junior : <a href=\"https:\/\/res.friportail.ch\/fls\/system\/files\/2020-12\/Fp_FLS_dictionnaire_illustre_eli_junior-4.pdf\" target=\"_blank\" rel=\"noreferrer noopener\">Dictionnaire en pdf<\/a> \/ <a href=\"https:\/\/res.friportail.ch\/fls\/system\/files\/2020-12\/Fp_FLS_fichier_d_activites_eli-8.pdf\" target=\"_blank\" rel=\"noreferrer noopener\">Cahier d&rsquo;activit\u00e9 en pdf<\/a><\/li>\n\n\n\n<li><a href=\"https:\/\/tortue.vollatice.ch\/dico.php\" target=\"_blank\" rel=\"noreferrer noopener\">La tortue des Vollandes :<\/a> Dictionnaire illustr\u00e9<\/li>\n<\/ul>\n\n\n\n<h3 class=\"wp-block-heading\"><strong>Exercices et jeux interactifs<\/strong><\/h3>\n\n\n\n<ul class=\"wp-block-list\">\n<li><a href=\"https:\/\/read.bookcreator.com\/SkWFeoCuV7W0eFKISK6BubipYiw2\/OaFx_JcxR0CMS0R3QTSXBA\/qxEsq7FqTx6rFCqZK70mWQ\" target=\"_blank\" rel=\"noreferrer noopener\">Dans ma valise :<\/a> Exercices interactifs<\/li>\n\n\n\n<li><a href=\"https:\/\/lalilo.com\/?language=fr\" target=\"_blank\" rel=\"noreferrer noopener\">Lalilo<\/a> : Application web pour diff\u00e9rencier l\u2019apprentissage de la lecture, possibilit\u00e9 d\u2019avoir un suivi des \u00e9l\u00e8ves<\/li>\n\n\n\n<li><a href=\"https:\/\/lesloustics.hachettefle.fr\/mes_jeux_interactifs.html\" target=\"_blank\" rel=\"noreferrer noopener\">Les Loustics : <\/a>Jeux interactifs<\/li>\n\n\n\n<li><a href=\"https:\/\/www.logicieleducatif.fr\/\" target=\"_blank\" rel=\"noreferrer noopener\">Logiciel Educatif<\/a> : Jeux \u00e9ducatifs pour le primaire<\/li>\n\n\n\n<li><a href=\"https:\/\/lululataupe.com\/\" target=\"_blank\" rel=\"noreferrer noopener\">Lulu la taupe<\/a> : Jeux interactifs et \u00e0 imprimer pour le primaire (labyrinthes, diff\u00e9rences, d\u00e9coupage, etc.)<\/li>\n\n\n\n<li><a href=\"https:\/\/www.ortholud.com\/index.html\" target=\"_blank\" rel=\"noreferrer noopener\">OrthoLUD<\/a> : Exercices en ligne pour apprendre le fran\u00e7ais<\/li>\n\n\n\n<li><a href=\"http:\/\/pepit.be\/index.html\" target=\"_blank\" rel=\"noreferrer noopener\">Pepit<\/a> : Exercices interactifs, organis\u00e9s par \u00e2ge (fran\u00e7ais et math\u00e9matiques)<\/li>\n\n\n\n<li><a href=\"http:\/\/phonetique.free.fr\/\" target=\"_blank\" rel=\"noreferrer noopener\">Phon\u00e9tique <\/a>: Exercices interactifs et fiches \u00e0 imprimer pour travailler la discrimination auditive<\/li>\n<\/ul>\n<\/div>\n\n\n\n<div class=\"wp-block-column is-layout-flow wp-block-column-is-layout-flow\">\n<h3 class=\"wp-block-heading\"><strong>CO, CE, PO, PE, Fonctionnement de la langue<\/strong><\/h3>\n\n\n\n<ul class=\"wp-block-list\">\n<li><a href=\"http:\/\/www.biceps.ch\" target=\"_blank\" rel=\"noreferrer noopener\">Biceps<\/a> : Site payant proposant des exercices bas\u00e9s sur le syst\u00e8me scolaire suisse<\/li>\n\n\n\n<li><a href=\"https:\/\/bonjourdefrance.com\/\" target=\"_blank\" rel=\"noreferrer noopener\">Bonjour de France<\/a>&nbsp;&nbsp;: Des s\u00e9ances vari\u00e9es sur des th\u00e9matiques actuelles. S\u00e9lectionner le niveau et le type d\u2019activit\u00e9 recherch\u00e9e.<\/li>\n\n\n\n<li><a href=\"https:\/\/www.rts.ch\/play\/radio\/emission\/brouhaha?id=4197904\" target=\"_blank\" rel=\"noreferrer noopener\">Brouhaha <\/a>: \u00c9mission radiophonique qui donne la parole aux enfants avec des th\u00e8mes diff\u00e9rents<\/li>\n\n\n\n<li><a href=\"https:\/\/ccdmd.qc.ca\/ressources\/?_disciplines=602-francais-langue-seconde#\" target=\"_blank\" rel=\"noreferrer noopener\">Centre coll\u00e9gial de d\u00e9veloppement de mat\u00e9riel didactique<\/a> : Ressources en FLS<\/li>\n\n\n\n<li><a href=\"https:\/\/beta.formationevam.ch\/\" target=\"_blank\" rel=\"noreferrer noopener\">Formation EVAM : <\/a>Site d\u2019apprentissage en ligne du centre de formation de l\u2019EVAM<\/li>\n\n\n\n<li><a href=\"http:\/\/laptiteecoledufle.com\/\" target=\"_blank\" rel=\"noreferrer noopener\">La p\u2019tite \u00e9cole du FLE<\/a> : Ressources pour profs de FLE aux enfants et podcast Histoires Faciles<\/li>\n\n\n\n<li><a href=\"https:\/\/www.lasouris-web.org\/lasouris\/allophone.html\" target=\"_blank\" rel=\"noreferrer noopener\">La souris web<\/a> : R\u00e9pertoire de sites \u00e9ducatifs pour les \u00e9l\u00e8ves allophones du niveau primaire et secondaire ou ayant des difficult\u00e9s en lecture et \u00e9criture<\/li>\n\n\n\n<li><a href=\"https:\/\/www.cia-france.com\/francais-et-vous\/\" target=\"_blank\" rel=\"noreferrer noopener\">Le Fran\u00e7ais et vous<\/a>&nbsp;&nbsp;: Magazine p\u00e9dagogique gratuit du Centre International d\u2019Antibes, activit\u00e9s en lien avec des documents culturels (chansons, po\u00e9sie, films, extraits de radio, etc.)<\/li>\n\n\n\n<li><a href=\"https:\/\/www.lemondedeflorette.com\/\" target=\"_blank\" rel=\"noreferrer noopener\">Le monde de Florette<\/a> : Site cr\u00e9\u00e9 par une enseignante d\u2019accueil vaudoise, activit\u00e9s et livre pour apprendre et enrichir le vocabulaire destin\u00e9 \u00e0 des \u00e9l\u00e8ves allophones de 1-2P<\/li>\n\n\n\n<li><a href=\"http:\/\/www.lepointdufle.net\" target=\"_blank\" rel=\"noreferrer noopener\">Le Point du FLE<\/a>\u00a0\u00a0: Offre un vaste r\u00e9pertoire d\u2019exercices en ligne en FLE<\/li>\n\n\n\n<li><a href=\"https:\/\/www.podcastfrancaisfacile.com\/\" target=\"_blank\" rel=\"noreferrer noopener\">Podcast fran\u00e7ais facile<\/a> : Ressources audio, dialogues, textes et exercices autour de la compr\u00e9hension orale, phon\u00e9tique, grammaire, vocabulaire, conjugaison, etc. class\u00e9es par th\u00e8mes ou niveaux (A1 au C1)<\/li>\n\n\n\n<li><a href=\"https:\/\/apprendre.tv5monde.com\/fr\" target=\"_blank\" rel=\"noreferrer noopener\">TV5 Monde<\/a> : Exercices et vid\u00e9os de FLE de niveaux A1 \u00e0 B2. Permet de filtrer par \u00e2ge (enfants, adolescents et adultes)<\/li>\n<\/ul>\n\n\n\n<h3 class=\"wp-block-heading\"><strong>G\u00e9n\u00e9rateur de fiches<\/strong><\/h3>\n\n\n\n<ul class=\"wp-block-list\">\n<li><a href=\"https:\/\/conjugaison.tatitotu.ch\/accueil\" target=\"_blank\" rel=\"noreferrer noopener\">D\u00e9fis de conjugaison&nbsp;<\/a>: G\u00e9n\u00e9rateur de fiches de conjugaison selon le programme suisse (5P-11S), il existe une section CIF (FLE)<\/li>\n\n\n\n<li><a href=\"http:\/\/tice.avion.free.fr\/fswordfind\/fswordfinder.php\" target=\"_blank\" rel=\"noreferrer noopener\">Vocabulaire<\/a> : G\u00e9n\u00e9rateur de Mots M\u00eal\u00e9s<\/li>\n<\/ul>\n<\/div>\n<\/div>\n\n\n\n<p><\/p>\n\n\n\n<div class=\"wp-block-columns is-layout-flex wp-container-core-columns-is-layout-9d6595d7 wp-block-columns-is-layout-flex\">\n<div class=\"wp-block-column is-layout-flow wp-block-column-is-layout-flow\">\n<h2 class=\"wp-block-heading\" id=\"math\u00e9matiques\"><mark style=\"background-color:rgba(0, 0, 0, 0);color:#6e2382\" class=\"has-inline-color\">Math\u00e9matiques<\/mark><\/h2>\n\n\n\n<ul class=\"wp-block-list\">\n<li><a href=\"http:\/\/www.biceps.ch\" target=\"_blank\" rel=\"noreferrer noopener\">Biceps.ch<\/a>&nbsp;&nbsp;: Site payant proposant des exercices bas\u00e9s sur le syst\u00e8me scolaire suisse (3P-11S)<\/li>\n\n\n\n<li><a href=\"https:\/\/cheminsfaisant.fr\/math\/\" target=\"_blank\" rel=\"noreferrer noopener\">Chemins Faisant<\/a> : Site d\u2019un enseignant \u00e0 la retraite, fiches niveau CM2, une fiche par notion avec corrig\u00e9 (fran\u00e7ais \u00e9galement disponible)<\/li>\n\n\n\n<li><a href=\"https:\/\/gomaths.ch\/\" target=\"_blank\" rel=\"noreferrer noopener\">GoMaths<\/a> : Ressources en math\u00e9matiques pour le primaire et secondaire I, une page de liens de ressources en fran\u00e7ais (notamment g\u00e9n\u00e9rateur de fiches de conjugaison)<\/li>\n\n\n\n<li><a href=\"https:\/\/fr.khanacademy.org\/\" target=\"_blank\" rel=\"noreferrer noopener\">Khan Academy<\/a> : Programme entier de math\u00e9matiques (du primaire au niveau gymnase), possibilit\u00e9 de cr\u00e9er des parcours individualis\u00e9s pour les \u00e9l\u00e8ves<\/li>\n\n\n\n<li><a href=\"http:\/\/soutien67.free.fr\/math\/math.htm\" target=\"_blank\" rel=\"noreferrer noopener\">L\u2019\u00e9cole du Dirlo<\/a> : Ressources pour le niveau primaire et r\u00e9vision des bases pour le secondaire I (fran\u00e7ais, maths, histoire, g\u00e9ographie, sciences, anglais)<\/li>\n\n\n\n<li><a href=\"https:\/\/www.mathslibres.com\/\" target=\"_blank\" rel=\"noreferrer noopener\">Mathslibres<\/a>&nbsp;&nbsp;: Plus de 46000 fiches de math\u00e9matique gratuites<\/li>\n<\/ul>\n<\/div>\n\n\n\n<div class=\"wp-block-column is-layout-flow wp-block-column-is-layout-flow\">\n<h2 class=\"wp-block-heading\" id=\"toutes-disciplines\"><mark style=\"background-color:rgba(0, 0, 0, 0);color:#6e2382\" class=\"has-inline-color\">Toutes disciplines<\/mark><\/h2>\n\n\n\n<ul class=\"wp-block-list\">\n<li><a href=\"http:\/\/www.biceps.ch\" target=\"_blank\" rel=\"noreferrer noopener\">Biceps.ch<\/a>&nbsp;&nbsp;: Site payant proposant des exercices bas\u00e9s sur le syst\u00e8me scolaire suisse (g\u00e9ographie, sciences, allemand, anglais, latin, italien)<\/li>\n\n\n\n<li><a href=\"https:\/\/www.charivarialecole.fr\/\" target=\"_blank\" rel=\"noreferrer noopener\">Charivari \u00e0 l\u2019\u00e9cole<\/a> : Partage de ressources pour le primaire<\/li>\n\n\n\n<li><a href=\"http:\/\/soutien67.free.fr\/francais\/francais.htm\" target=\"_blank\" rel=\"noreferrer noopener\">L\u2019\u00e9cole du Dirlo<\/a> : Ressources pour le niveau primaire et r\u00e9vision des bases pour le secondaire I (fran\u00e7ais, maths, histoire, g\u00e9ographie, sciences, anglais)<\/li>\n\n\n\n<li><a href=\"https:\/\/lesfondamentaux.reseau-canope.fr\/accueil.html\" target=\"_blank\" rel=\"noreferrer noopener\">Les fondamentaux<\/a> : Vid\u00e9o de 2-3 minutes du niveau primaire (transcription disponible et fiches p\u00e9dagogiques)<\/li>\n\n\n\n<li><a href=\"http:\/\/moncartabledunet.fr\/index.html\" target=\"_blank\" rel=\"noreferrer noopener\">Mon cartable du net<\/a> : Ressources pour le primaire<\/li>\n\n\n\n<li><a href=\"https:\/\/www.rts.ch\/decouverte\/enseignants\/\" target=\"_blank\" rel=\"noreferrer noopener\">RTS D\u00e9couverte<\/a> : Activit\u00e9s autour des disciplines du PER<\/li>\n<\/ul>\n<\/div>\n<\/div>\n\n\n\n<p><\/p>\n\n\n\n<div class=\"wp-block-columns is-layout-flex wp-container-core-columns-is-layout-9d6595d7 wp-block-columns-is-layout-flex\">\n<div class=\"wp-block-column is-layout-flow wp-block-column-is-layout-flow\">\n<h2 class=\"wp-block-heading\"><mark style=\"background-color:rgba(0, 0, 0, 0);color:#6e2382\" class=\"has-inline-color\">Langue d\u2019origine<\/mark><\/h2>\n\n\n\n<ul class=\"wp-block-list\">\n<li><a href=\"https:\/\/www.reseau-canope.fr\/eana-outils-devaluation-en-langue-dorigine\/evaluation-en-langue-dorigine.html\" target=\"_blank\" rel=\"noreferrer noopener\">Canop\u00e9<\/a> : Outils d\u2019\u00e9valuation en langue d\u2019origine<\/li>\n\n\n\n<li><a href=\"http:\/\/eole.irdp.ch\/eole\/activites.html\" target=\"_blank\" rel=\"noreferrer noopener\">EOLE<\/a> : \u00c9ducation et ouverture aux langues \u00e0 l\u2019\u00e9cole, \u00e9veil aux langues, activit\u00e9s, textes et fonctionnement des langues (cycle 1 et 2)<\/li>\n\n\n\n<li><a href=\"https:\/\/lgidf.cnrs.fr\/langues\" target=\"_blank\" rel=\"noreferrer noopener\">Langues et grammaires en (Ile-de) France<\/a> : Informations sur les langues, utile pour avoir des \u00e9l\u00e9ments de compr\u00e9hension sur les difficult\u00e9s des \u00e9l\u00e8ves selon leur(s) langue(s) d\u2019origine<\/li>\n<\/ul>\n<\/div>\n\n\n\n<div class=\"wp-block-column is-layout-flow wp-block-column-is-layout-flow\">\n<h2 class=\"wp-block-heading\"><mark style=\"background-color:rgba(0, 0, 0, 0);color:#6e2382\" class=\"has-inline-color\">Plurilinguisme<\/mark><\/h2>\n\n\n\n<ul class=\"wp-block-list\">\n<li><a href=\"https:\/\/www.ac-strasbourg.fr\/pedagogie\/casnav\/enfants-allophones-nouvellement-arrives\/ressources-premier-degre\/supports-pour-valoriser-la-langue-dorigine\/traductions-audio-et-ecrites-dalbums\/#c9957\" target=\"_blank\" rel=\"noreferrer noopener\">CASNAV de Strasbourg<\/a> : Traductions audio et \u00e9crites d\u2019albums en diff\u00e9rentes langues<\/li>\n\n\n\n<li><a href=\"https:\/\/histoiresdelangues.fr\/\" target=\"_blank\" rel=\"noreferrer noopener\">Histoires de langues<\/a> : Projet du CASNAV de Lyon, \u00ab Partenariat \u00e9cole-familles \u00bb qui a pour objectif d\u2019aider les parents et les enseignants \u00e0 construire avec l\u2019enfant un projet plurilingue<\/li>\n\n\n\n<li><a href=\"https:\/\/trames.ch\/participer\/\" target=\"_blank\" rel=\"noreferrer noopener\">TRAMES :<\/a> T\u00e9moignages et R\u00e9cits d\u2019Adolescent\u00b7e\u00b7s du Monde sur l\u2019\u00c9cole en Suisse souhaite d\u00e9cloisonner la lecture jeunesse, on y trouve des ressources originales, plurilingues et interactives pour appr\u00e9hender le vivre ensemble dans la diversit\u00e9 linguistique<\/li>\n<\/ul>\n<\/div>\n<\/div>\n\n\n\n<p><\/p>\n\n\n\n<div class=\"wp-block-columns is-layout-flex wp-container-core-columns-is-layout-9d6595d7 wp-block-columns-is-layout-flex\">\n<div class=\"wp-block-column is-layout-flow wp-block-column-is-layout-flow\">\n<h2 class=\"wp-block-heading\" id=\"technologie-d\u2019aide-et-besoins-particuliers\"><mark style=\"background-color:rgba(0, 0, 0, 0);color:#6e2382\" class=\"has-inline-color\">Technologie d\u2019aide et accessibilit\u00e9<\/mark><\/h2>\n\n\n\n<ul class=\"wp-block-list\">\n<li><a href=\"https:\/\/cellcips.ch\/\" target=\"_blank\" rel=\"noreferrer noopener\">Centre de comp\u00e9tences pour l\u2019\u00e9ducation num\u00e9rique, outil d\u2019aide et d\u2019accessibilit\u00e9 (cellCIPS)<\/a>&nbsp;&nbsp;: Technologie d\u2019aide et ressources pour l\u2019\u00e9ducation num\u00e9rique de la DGEO \u2013 Direction p\u00e9dagogique (DP)<\/li>\n\n\n\n<li><a href=\"https:\/\/cellcips.ch\/fiche\/creer-des-documents-accessibles\" target=\"_blank\" rel=\"noreferrer noopener\"><strong>Accessibilit\u00e9<\/strong> <\/a>et <a href=\"https:\/\/cellcips.ch\/langage-clair1\" target=\"_blank\" rel=\"noreferrer noopener\"><strong>langage clair<\/strong><\/a><\/li>\n\n\n\n<li><a href=\"https:\/\/www.dropbox.com\/s\/th18167z4thbux9\/Conseils%20pour%20la%20mise%20en%20place%20d%e2%80%99une%20TA%20.pdf?dl=0\" target=\"_blank\" rel=\"noreferrer noopener\">Processus pour le soutien et la mise en place d\u2019une <strong>technologie d\u2019aide (TA)<\/strong><\/a><\/li>\n\n\n\n<li><a href=\"https:\/\/cellcips.ch\/ressources\/referentiel-de-competences\" target=\"_blank\" rel=\"noreferrer noopener\">Accompagner la mise en place par l\u2019usage d\u2019un <strong>r\u00e9f\u00e9rentiel de comp\u00e9tences<\/strong><\/a><\/li>\n\n\n\n<li><a href=\"http:\/\/www.cellCIPS.ch\/lunettes\" target=\"_blank\" rel=\"noreferrer noopener\">R\u00e9fl\u00e9chir sur ce que repr\u00e9sente pour l\u2019\u00e9l\u00e8ve b\u00e9n\u00e9ficiant de mesures l\u2019<strong>utilisation d\u2019un outil<\/strong><\/a>&nbsp;&nbsp;<\/li>\n\n\n\n<li>Catalogue <a href=\"https:\/\/cellcips.ch\/ressources\/catalogue-par-difficultes\" target=\"_blank\" rel=\"noreferrer noopener\"><strong>par difficult\u00e9s<\/strong><\/a> et <a href=\"https:\/\/cellcips.ch\/ressources\/tutoriels\" target=\"_blank\" rel=\"noreferrer noopener\"><strong>tutoriels<\/strong><\/a>&nbsp;<\/li>\n<\/ul>\n<\/div>\n\n\n\n<div class=\"wp-block-column is-layout-flow wp-block-column-is-layout-flow\">\n<h2 class=\"wp-block-heading\"><mark style=\"background-color:rgba(0, 0, 0, 0);color:#6e2382\" class=\"has-inline-color\">Langue des signes<\/mark><\/h2>\n\n\n\n<ul class=\"wp-block-list\">\n<li><a href=\"https:\/\/edl.ecml.at\/Facts\/FAQsonsignlanguage\/tabid\/2741\/language\/fr-FR\/Default.aspx\" target=\"_blank\" rel=\"noreferrer noopener\">Conseil de l\u2019Europe<\/a> : Informations g\u00e9n\u00e9rales, vid\u00e9o sur l\u2019alphabet international, jeux linguistiques<\/li>\n\n\n\n<li><a href=\"https:\/\/signsuisse.sgb-fss.ch\/fr\/lexikon\/g\/bonjour\/\" target=\"_blank\" rel=\"noreferrer noopener\">F\u00e9d\u00e9ration Suisse des Sourds&nbsp;<\/a>: langue des signes fran\u00e7aise<\/li>\n\n\n\n<li><a href=\"https:\/\/laparoleauxsourds.fr\/contes-lsf\/\" target=\"_blank\" rel=\"noreferrer noopener\">La Parole aux Sourds&nbsp; <\/a>: Contes et comptines bilingues LSF et fran\u00e7ais<\/li>\n<\/ul>\n<\/div>\n<\/div>\n\n\n\n<div class=\"wp-block-columns is-layout-flex wp-container-core-columns-is-layout-9d6595d7 wp-block-columns-is-layout-flex\">\n<div class=\"wp-block-column is-layout-flow wp-block-column-is-layout-flow\">\n<div class=\"wp-block-columns is-layout-flex wp-container-core-columns-is-layout-9d6595d7 wp-block-columns-is-layout-flex\">\n<div class=\"wp-block-column is-layout-flow wp-block-column-is-layout-flow\">\n<h2 class=\"wp-block-heading\"><mark style=\"background-color:rgba(0, 0, 0, 0);color:#6e2382\" class=\"has-inline-color\">Braille<\/mark><\/h2>\n\n\n\n<ul class=\"wp-block-list\">\n<li><a href=\"https:\/\/abage.ch\/ressources\/le-braille-et-le-standard-daisy\/\" target=\"_blank\" rel=\"noreferrer noopener\">Association pour le Bien des Aveugles et malvoyants&nbsp; <\/a>: Le braille et le standard DAISY<\/li>\n\n\n\n<li><a href=\"https:\/\/www.bibliothequesonore.ch\/\" target=\"_blank\" rel=\"noreferrer noopener\">Biblioth\u00e8que sonore romande&nbsp;:<\/a> Livres audio gratuits \u00e0 disposition des personnes emp\u00each\u00e9es de lire (handicap visuel, dyslexie, troubles neurologiques, paralysies, etc.)<\/li>\n<\/ul>\n<\/div>\n\n\n\n<div class=\"wp-block-column is-layout-flow wp-block-column-is-layout-flow\">\n<h2 class=\"wp-block-heading\"><mark style=\"background-color:rgba(0, 0, 0, 0);color:#6e2382\" class=\"has-inline-color\">Daltonisme<\/mark><\/h2>\n\n\n\n<ul class=\"wp-block-list\">\n<li><a href=\"https:\/\/wiki.debian.org\/fr\/accessibility#Daltonisme\" target=\"_blank\" rel=\"noreferrer noopener\">Debian Wiki<\/a> : Outils d\u2019accessibilit\u00e9 et daltonisme sur Debian (pour les utilisateurs avanc\u00e9s)<\/li>\n\n\n\n<li><a href=\"https:\/\/www.dz-techs.com\/fr\/colorblind-windows-trick-distinguish-colors\" target=\"_blank\" rel=\"noreferrer noopener\">Dz-techs<\/a> : R\u00e9glage des filtres d\u2019\u00e9cran de daltonisme pour Windows<\/li>\n\n\n\n<li><a href=\"https:\/\/www.moyens.net\/mac-os\/comment-activer-les-filtres-decran-de-daltonisme-sur-macos\/\" target=\"_blank\" rel=\"noreferrer noopener\">Moyens I\/O Magazine<\/a> : Activer les filtres d\u2019\u00e9cran de daltonisme sur MacOS<\/li>\n\n\n\n<li><a href=\"https:\/\/michelf.ca\/projets\/sim-daltonisme\/\" target=\"_blank\" rel=\"noreferrer noopener\">Sim Daltonisme<\/a> : Simulateur de daltonisme pour iOS et Mac<\/li>\n<\/ul>\n<\/div>\n<\/div>\n<\/div>\n<\/div>\n\n\n\n<p><\/p>\n\n\n\n<h1 class=\"wp-block-heading\" id=\"portails-cantonaux\">Portails cantonaux<\/h1>\n\n\n\n<div class=\"wp-block-columns is-layout-flex wp-container-core-columns-is-layout-9d6595d7 wp-block-columns-is-layout-flex\">\n<div class=\"wp-block-column is-layout-flow wp-block-column-is-layout-flow\">\n<h2 class=\"wp-block-heading\"><mark style=\"background-color:rgba(0, 0, 0, 0);color:#6e2382\" class=\"has-inline-color\">Canton de Vaud<\/mark><\/h2>\n\n\n\n<ul class=\"wp-block-list\">\n<li><a href=\"https:\/\/portail.edu-vd.ch\/\" target=\"_blank\" rel=\"noreferrer noopener\">Portail p\u00e9dagogique<\/a> : Pour les enseignants de la DGEO<\/li>\n\n\n\n<li><a href=\"https:\/\/www.scolcast.ch\/\" target=\"_blank\" rel=\"noreferrer noopener\">Scolcast<\/a> : Plateforme&nbsp;de la HEP Vaud<\/li>\n<\/ul>\n<\/div>\n\n\n\n<div class=\"wp-block-column is-layout-flow wp-block-column-is-layout-flow\">\n<h2 class=\"wp-block-heading\"><mark style=\"background-color:rgba(0, 0, 0, 0);color:#6e2382\" class=\"has-inline-color\">Canton de Gen\u00e8ve<\/mark><\/h2>\n\n\n\n<ul class=\"wp-block-list\">\n<li><a href=\"https:\/\/edu.ge.ch\/enseignement\/ep\" target=\"_blank\" rel=\"noreferrer noopener\">Espace p\u00e9dagogique enseignement primaire<\/a>&nbsp;&nbsp;: Voir section allophonie<\/li>\n\n\n\n<li><a href=\"https:\/\/edu.ge.ch\/enseignement\/co\" target=\"_blank\" rel=\"noreferrer noopener\">Espace p\u00e9dagogique enseignement secondaire&nbsp; <\/a>: Voir section allophonie<\/li>\n<\/ul>\n<\/div>\n\n\n\n<div class=\"wp-block-column is-layout-flow wp-block-column-is-layout-flow\">\n<h2 class=\"wp-block-heading\"><mark style=\"background-color:rgba(0, 0, 0, 0);color:#6e2382\" class=\"has-inline-color\">Conf\u00e9rence intercantonale de l\u2019instruction publique de la Suisse romande et du Tessin (CIIP)<\/mark><\/h2>\n\n\n\n<ul class=\"wp-block-list\">\n<li><a href=\"https:\/\/www.irdp.ch\/institut\/ressources-pedagogiques-3642.html\" target=\"_blank\" rel=\"noreferrer noopener\">Irdp<\/a> : Ressources p\u00e9dagogiques<\/li>\n\n\n\n<li><a href=\"https:\/\/portail.ciip.ch\/home\" target=\"_blank\" rel=\"noreferrer noopener\">Plan d\u2019\u00e9tudes romand<\/a> : Moyens d\u2019enseignements romands et ressources num\u00e9riques<\/li>\n<\/ul>\n<\/div>\n<\/div>\n","protected":false},"excerpt":{"rendered":"<p>L&rsquo;UMA propose aux enseignants une s\u00e9lection de ressources p\u00e9dagogiques utilis\u00e9es et \u00e9prouv\u00e9es sur le terrain depuis de nombreuses ann\u00e9es. Ces ressources ne sont pas prescriptives, l&rsquo;enseignant reste libre de choisir celles qui conviennent le mieux \u00e0 sa classe. Dans cette [&hellip;]<\/p>\n","protected":false},"author":1,"featured_media":0,"parent":0,"menu_order":0,"comment_status":"closed","ping_status":"closed","template":"template-full-width.php","meta":{"footnotes":""},"class_list":["post-484","page","type-page","status-publish","hentry"],"_links":{"self":[{"href":"https:\/\/uma.edu-vd.ch\/index.php\/wp-json\/wp\/v2\/pages\/484","targetHints":{"allow":["GET"]}}],"collection":[{"href":"https:\/\/uma.edu-vd.ch\/index.php\/wp-json\/wp\/v2\/pages"}],"about":[{"href":"https:\/\/uma.edu-vd.ch\/index.php\/wp-json\/wp\/v2\/types\/page"}],"author":[{"embeddable":true,"href":"https:\/\/uma.edu-vd.ch\/index.php\/wp-json\/wp\/v2\/users\/1"}],"replies":[{"embeddable":true,"href":"https:\/\/uma.edu-vd.ch\/index.php\/wp-json\/wp\/v2\/comments?post=484"}],"version-history":[{"count":65,"href":"https:\/\/uma.edu-vd.ch\/index.php\/wp-json\/wp\/v2\/pages\/484\/revisions"}],"predecessor-version":[{"id":2811,"href":"https:\/\/uma.edu-vd.ch\/index.php\/wp-json\/wp\/v2\/pages\/484\/revisions\/2811"}],"wp:attachment":[{"href":"https:\/\/uma.edu-vd.ch\/index.php\/wp-json\/wp\/v2\/media?parent=484"}],"curies":[{"name":"wp","href":"https:\/\/api.w.org\/{rel}","templated":true}]}}