{"id":993,"date":"2020-07-07T15:11:46","date_gmt":"2020-07-07T15:11:46","guid":{"rendered":"https:\/\/uma.edu-vd.ch\/?page_id=993"},"modified":"2026-01-12T13:34:34","modified_gmt":"2026-01-12T13:34:34","slug":"publications","status":"publish","type":"page","link":"https:\/\/uma.edu-vd.ch\/index.php\/publications\/","title":{"rendered":"Publications"},"content":{"rendered":"\n<h2 class=\"wp-block-heading\"><mark style=\"background-color:rgba(0, 0, 0, 0);color:#6e2382\" class=\"has-inline-color\">Guide et brochures de l&rsquo;UMA<\/mark><\/h2>\n\n\n\n<div class=\"wp-block-columns is-layout-flex wp-container-core-columns-is-layout-9d6595d7 wp-block-columns-is-layout-flex\">\n<div class=\"wp-block-column is-layout-flow wp-block-column-is-layout-flow\"><div class=\"wp-block-image\">\n<figure class=\"aligncenter size-large is-resized\"><a href=\"https:\/\/uma.edu-vd.ch\/wp-content\/uploads\/2023\/08\/GuideEntretienAccueil_UMA_02-2022.pdf\" target=\"_blank\" rel=\"noreferrer noopener\"><img loading=\"lazy\" decoding=\"async\" width=\"724\" height=\"1024\" src=\"https:\/\/uma.edu-vd.ch\/wp-content\/uploads\/2020\/07\/Guide-724x1024.jpg\" alt=\"\" class=\"wp-image-954\" style=\"width:195px;height:auto\" srcset=\"https:\/\/uma.edu-vd.ch\/wp-content\/uploads\/2020\/07\/Guide-724x1024.jpg 724w, https:\/\/uma.edu-vd.ch\/wp-content\/uploads\/2020\/07\/Guide-212x300.jpg 212w, https:\/\/uma.edu-vd.ch\/wp-content\/uploads\/2020\/07\/Guide-768x1086.jpg 768w, https:\/\/uma.edu-vd.ch\/wp-content\/uploads\/2020\/07\/Guide-1086x1536.jpg 1086w, https:\/\/uma.edu-vd.ch\/wp-content\/uploads\/2020\/07\/Guide-1448x2048.jpg 1448w, https:\/\/uma.edu-vd.ch\/wp-content\/uploads\/2020\/07\/Guide-scaled.jpg 1810w\" sizes=\"auto, (max-width: 724px) 100vw, 724px\" \/><\/a><\/figure>\n<\/div><\/div>\n\n\n\n<div class=\"wp-block-column is-layout-flow wp-block-column-is-layout-flow\"><div class=\"wp-block-image\">\n<figure class=\"aligncenter size-full is-resized\"><a href=\"https:\/\/uma.edu-vd.ch\/wp-content\/uploads\/2026\/01\/BROCHURE_Encouragement-precoce_UMA_02-2022.pdf\" target=\"_blank\" rel=\"noreferrer noopener\"><img loading=\"lazy\" decoding=\"async\" width=\"643\" height=\"912\" src=\"https:\/\/uma.edu-vd.ch\/wp-content\/uploads\/2021\/04\/Encourprec.jpg\" alt=\"\" class=\"wp-image-1710\" style=\"width:196px;height:auto\" srcset=\"https:\/\/uma.edu-vd.ch\/wp-content\/uploads\/2021\/04\/Encourprec.jpg 643w, https:\/\/uma.edu-vd.ch\/wp-content\/uploads\/2021\/04\/Encourprec-212x300.jpg 212w\" sizes=\"auto, (max-width: 643px) 100vw, 643px\" \/><\/a><\/figure>\n<\/div><\/div>\n\n\n\n<div class=\"wp-block-column is-layout-flow wp-block-column-is-layout-flow\"><div class=\"wp-block-image\">\n<figure class=\"aligncenter size-full is-resized\"><a href=\"https:\/\/uma.edu-vd.ch\/wp-content\/uploads\/2023\/12\/UMA_Guide-transitions_Novembre2023.pdf\" target=\"_blank\" rel=\"noreferrer noopener\"><img loading=\"lazy\" decoding=\"async\" width=\"596\" height=\"825\" src=\"https:\/\/uma.edu-vd.ch\/wp-content\/uploads\/2023\/11\/Capture.jpg\" alt=\"\" class=\"wp-image-2498\" style=\"width:191px;height:auto\" srcset=\"https:\/\/uma.edu-vd.ch\/wp-content\/uploads\/2023\/11\/Capture.jpg 596w, https:\/\/uma.edu-vd.ch\/wp-content\/uploads\/2023\/11\/Capture-217x300.jpg 217w\" sizes=\"auto, (max-width: 596px) 100vw, 596px\" \/><\/a><\/figure>\n<\/div><\/div>\n<\/div>\n\n\n\n<div class=\"wp-block-columns is-layout-flex wp-container-core-columns-is-layout-9d6595d7 wp-block-columns-is-layout-flex\">\n<div class=\"wp-block-column is-layout-flow wp-block-column-is-layout-flow\"><div class=\"wp-block-image\">\n<figure class=\"aligncenter size-full is-resized\"><a href=\"https:\/\/uma.edu-vd.ch\/wp-content\/uploads\/2024\/10\/DGEO_Brochure_A4_Ref_Fr_langue_seconde_2024_WEB.pdf\" target=\"_blank\" rel=\"noreferrer noopener\"><img loading=\"lazy\" decoding=\"async\" width=\"663\" height=\"889\" src=\"https:\/\/uma.edu-vd.ch\/wp-content\/uploads\/2024\/09\/referentiel-fls_0.jpg\" alt=\"\" class=\"wp-image-2668\" style=\"width:200px;height:auto\" srcset=\"https:\/\/uma.edu-vd.ch\/wp-content\/uploads\/2024\/09\/referentiel-fls_0.jpg 663w, https:\/\/uma.edu-vd.ch\/wp-content\/uploads\/2024\/09\/referentiel-fls_0-224x300.jpg 224w\" sizes=\"auto, (max-width: 663px) 100vw, 663px\" \/><\/a><\/figure>\n<\/div><\/div>\n\n\n\n<div class=\"wp-block-column is-layout-flow wp-block-column-is-layout-flow\"><div class=\"wp-block-image\">\n<figure class=\"aligncenter size-large is-resized\"><a href=\"https:\/\/uma.edu-vd.ch\/wp-content\/uploads\/2022\/08\/Guide-permis-et-formation_UMA_aout2022.pdf\"><img loading=\"lazy\" decoding=\"async\" width=\"639\" height=\"909\" src=\"https:\/\/uma.edu-vd.ch\/wp-content\/uploads\/2022\/08\/Guidepermis.jpg\" alt=\"\" class=\"wp-image-2125\" style=\"width:180px;height:auto\" srcset=\"https:\/\/uma.edu-vd.ch\/wp-content\/uploads\/2022\/08\/Guidepermis.jpg 639w, https:\/\/uma.edu-vd.ch\/wp-content\/uploads\/2022\/08\/Guidepermis-211x300.jpg 211w\" sizes=\"auto, (max-width: 639px) 100vw, 639px\" \/><\/a><\/figure>\n<\/div><\/div>\n\n\n\n<div class=\"wp-block-column is-layout-flow wp-block-column-is-layout-flow\"><div class=\"wp-block-image\">\n<figure class=\"aligncenter size-full is-resized\"><a href=\"https:\/\/www.vd.ch\/fileadmin\/user_upload\/themes\/formation\/orientation\/fichiers_pdf\/publications\/Que_faire_apr%C3%A8s_la_classe_d_accueil__%C3%A9d.2024.pdf\" target=\"_blank\" rel=\" noreferrer noopener\"><img loading=\"lazy\" decoding=\"async\" width=\"194\" height=\"247\" src=\"https:\/\/uma.edu-vd.ch\/wp-content\/uploads\/2025\/08\/que_faire_apres_la_classe_d_accueil.png\" alt=\"\" class=\"wp-image-2815\" style=\"width:198px;height:auto\"\/><\/a><\/figure>\n<\/div><\/div>\n<\/div>\n\n\n\n<div class=\"wp-block-columns is-layout-flex wp-container-core-columns-is-layout-9d6595d7 wp-block-columns-is-layout-flex\">\n<div class=\"wp-block-column is-layout-flow wp-block-column-is-layout-flow\"><div class=\"wp-block-image\">\n<figure class=\"aligncenter size-full is-resized\"><a href=\"https:\/\/uma.edu-vd.ch\/wp-content\/uploads\/2023\/12\/Kit-Alpha_UMA_Novembre2023.pdf\" target=\"_blank\" rel=\"noreferrer noopener\"><img loading=\"lazy\" decoding=\"async\" width=\"596\" height=\"845\" src=\"https:\/\/uma.edu-vd.ch\/wp-content\/uploads\/2023\/11\/Kitalpha.jpg\" alt=\"\" class=\"wp-image-2499\" style=\"width:200px;height:auto\" srcset=\"https:\/\/uma.edu-vd.ch\/wp-content\/uploads\/2023\/11\/Kitalpha.jpg 596w, https:\/\/uma.edu-vd.ch\/wp-content\/uploads\/2023\/11\/Kitalpha-212x300.jpg 212w\" sizes=\"auto, (max-width: 596px) 100vw, 596px\" \/><\/a><\/figure>\n<\/div><\/div>\n\n\n\n<div class=\"wp-block-column is-layout-flow wp-block-column-is-layout-flow\"><div class=\"wp-block-image\">\n<figure class=\"aligncenter size-full is-resized\"><a href=\"https:\/\/uma.edu-vd.ch\/wp-content\/uploads\/2025\/08\/UMA_CIF_22-05-2025.pdf\" target=\"_blank\" rel=\" noreferrer noopener\"><img loading=\"lazy\" decoding=\"async\" width=\"655\" height=\"925\" src=\"https:\/\/uma.edu-vd.ch\/wp-content\/uploads\/2025\/08\/ImageCouverture.png\" alt=\"\" class=\"wp-image-2816\" style=\"width:180px;height:auto\" srcset=\"https:\/\/uma.edu-vd.ch\/wp-content\/uploads\/2025\/08\/ImageCouverture.png 655w, https:\/\/uma.edu-vd.ch\/wp-content\/uploads\/2025\/08\/ImageCouverture-212x300.png 212w\" sizes=\"auto, (max-width: 655px) 100vw, 655px\" \/><\/a><\/figure>\n<\/div><\/div>\n\n\n\n<div class=\"wp-block-column is-layout-flow wp-block-column-is-layout-flow\"><div class=\"wp-block-image\">\n<figure class=\"aligncenter size-large is-resized\"><a href=\"https:\/\/uma.edu-vd.ch\/wp-content\/uploads\/2024\/01\/UMA_InfosEcoleVaudoise_25-10-2023.pdf\" target=\"_blank\" rel=\"noreferrer noopener\"><img loading=\"lazy\" decoding=\"async\" width=\"599\" height=\"779\" src=\"https:\/\/uma.edu-vd.ch\/wp-content\/uploads\/2024\/01\/Capture.jpg\" alt=\"\" class=\"wp-image-2520\" style=\"width:197px;height:auto\" srcset=\"https:\/\/uma.edu-vd.ch\/wp-content\/uploads\/2024\/01\/Capture.jpg 599w, https:\/\/uma.edu-vd.ch\/wp-content\/uploads\/2024\/01\/Capture-231x300.jpg 231w\" sizes=\"auto, (max-width: 599px) 100vw, 599px\" \/><\/a><\/figure>\n<\/div><\/div>\n<\/div>\n\n\n\n<h2 class=\"wp-block-heading\"><mark style=\"background-color:rgba(0, 0, 0, 0);color:#6e2382\" class=\"has-inline-color\">Flyers de l&rsquo;UMA<\/mark><\/h2>\n\n\n\n<div class=\"wp-block-columns is-layout-flex wp-container-core-columns-is-layout-9d6595d7 wp-block-columns-is-layout-flex\">\n<div class=\"wp-block-column is-layout-flow wp-block-column-is-layout-flow\"><div class=\"wp-block-image\">\n<figure class=\"aligncenter size-full is-resized\"><a href=\"https:\/\/uma.edu-vd.ch\/wp-content\/uploads\/2025\/12\/FlyerUMA_decembre2025_versionligne.pdf\" target=\"_blank\" rel=\" noreferrer noopener\"><img loading=\"lazy\" decoding=\"async\" width=\"640\" height=\"908\" src=\"https:\/\/uma.edu-vd.ch\/wp-content\/uploads\/2025\/09\/FlyerUMA_p1.png\" alt=\"\" class=\"wp-image-2834\" style=\"width:214px;height:auto\" srcset=\"https:\/\/uma.edu-vd.ch\/wp-content\/uploads\/2025\/09\/FlyerUMA_p1.png 640w, https:\/\/uma.edu-vd.ch\/wp-content\/uploads\/2025\/09\/FlyerUMA_p1-211x300.png 211w\" sizes=\"auto, (max-width: 640px) 100vw, 640px\" \/><\/a><\/figure>\n<\/div><\/div>\n\n\n\n<div class=\"wp-block-column is-layout-flow wp-block-column-is-layout-flow\"><div class=\"wp-block-image\">\n<figure class=\"aligncenter size-full is-resized\"><a href=\"https:\/\/www.vd.ch\/fileadmin\/user_upload\/themes\/formation\/orientation\/fichiers_pdf\/publications\/Portail_Migration_Flyer_web.pdf\" target=\"_blank\" rel=\" noreferrer noopener\"><img loading=\"lazy\" decoding=\"async\" width=\"230\" height=\"459\" src=\"https:\/\/uma.edu-vd.ch\/wp-content\/uploads\/2025\/09\/csm_Portail_Migration_Flyer_web_628272c5c3.png\" alt=\"\" class=\"wp-image-2835\" style=\"width:152px;height:auto\" srcset=\"https:\/\/uma.edu-vd.ch\/wp-content\/uploads\/2025\/09\/csm_Portail_Migration_Flyer_web_628272c5c3.png 230w, https:\/\/uma.edu-vd.ch\/wp-content\/uploads\/2025\/09\/csm_Portail_Migration_Flyer_web_628272c5c3-150x300.png 150w\" sizes=\"auto, (max-width: 230px) 100vw, 230px\" \/><\/a><\/figure>\n<\/div><\/div>\n\n\n\n<div class=\"wp-block-column is-layout-flow wp-block-column-is-layout-flow\"><\/div>\n<\/div>\n\n\n\n<p><\/p>\n\n\n\n<div class=\"wp-block-columns is-layout-flex wp-container-core-columns-is-layout-9d6595d7 wp-block-columns-is-layout-flex\">\n<div class=\"wp-block-column is-layout-flow wp-block-column-is-layout-flow\">\n<h2 class=\"wp-block-heading\" id=\"publications-d-associations-et-d-organismes-officiels\"><mark style=\"background-color:rgba(0, 0, 0, 0);color:#6e2382\" class=\"has-inline-color\">Publications d&rsquo;associations et d&rsquo;organismes officiels<\/mark><\/h2>\n\n\n\n<ul class=\"wp-block-list\">\n<li><a href=\"https:\/\/www.appartenances.ch\/appartenances-dans-les-medias\/publications-et-films\" target=\"_blank\" rel=\"noreferrer noopener\">Appartenances<\/a> : Association qui a pour mission de favoriser le mieux-\u00eatre et l\u2019autonomie des personnes migrantes et de faciliter leur int\u00e9gration dans la soci\u00e9t\u00e9 d\u2019accueil, tout en garantissant l\u2019\u00e9quit\u00e9, la solidarit\u00e9, la r\u00e9ciprocit\u00e9 et le respect de la dignit\u00e9 humaine<\/li>\n\n\n\n<li><a href=\"https:\/\/www.vd.ch\/themes\/population\/integration-des-etrangers-et-prevention-du-racisme\/publications-du-bci\/\" target=\"_blank\" rel=\"noreferrer noopener\">BCI<\/a> : Bureau cantonal pour l\u2019int\u00e9gration des \u00e9trangers et la pr\u00e9vention du racisme<\/li>\n\n\n\n<li><a href=\"https:\/\/www.lausanne.ch\/officiel\/administration\/sport-et-cohesion-sociale\/secretariat-general-scs\/bli\/publications.html\" target=\"_blank\" rel=\"noreferrer noopener\">BLI <\/a>: Bureau lausannois pour les immigr\u00e9s<\/li>\n\n\n\n<li><a href=\"https:\/\/www.migesplus.ch\/fr\/publications\" target=\"_blank\" rel=\"noreferrer noopener\">Croix-Rouge suisse Migesplus<\/a> : Portail pour l\u2019\u00e9galit\u00e9 des chances en mati\u00e8re de sant\u00e9<\/li>\n\n\n\n<li><a href=\"https:\/\/www.eper.ch\/publications-de-leper\" target=\"_blank\" rel=\"noreferrer noopener\">EPER<\/a> : Entraide Protestante Suisse, fondation qui s\u2019engage pour la d\u00e9fense des droits et l\u2019int\u00e9gration des personnes r\u00e9fugi\u00e9es ou socialement d\u00e9favoris\u00e9es<\/li>\n\n\n\n<li><a href=\"https:\/\/odae-romand.ch\/documents\/\" target=\"_blank\" rel=\"noreferrer noopener\">ODAE romand<\/a> : Observatoire romand du droit d\u2019asile et des \u00e9trangers<\/li>\n\n\n\n<li><a href=\"https:\/\/www.osar.ch\/publications\" target=\"_blank\" rel=\"noreferrer noopener\">OSAR<\/a> : Organisation suisse d\u2019aide aux r\u00e9fugi\u00e9s<\/li>\n\n\n\n<li><a href=\"https:\/\/plateforme-asile.ch\/ressources\/\" target=\"_blank\" rel=\"noreferrer noopener\">Plateforme asile Vaud<\/a> : Plateforme d\u2019informations et de communication sur l\u2019asile et l\u2019accueil des personnes r\u00e9fugi\u00e9es dans le canton de Vaud<\/li>\n\n\n\n<li><a href=\"http:\/\/sos-asile-vaud.ch\/SITE_SAJE\/publications_SAJE.htm\" target=\"_blank\" rel=\"noreferrer noopener\">SAJE<\/a> : Service d\u2019 Aide Juridique aux Exil\u00e9s<\/li>\n\n\n\n<li><a href=\"https:\/\/www.sem.admin.ch\/sem\/fr\/home\/publiservice\/publikationen.html\" target=\"_blank\" rel=\"noreferrer noopener\">SEM<\/a> : Secr\u00e9tariat d\u2019\u00c9tat aux migrations<\/li>\n\n\n\n<li><a href=\"https:\/\/asile.ch\/documentation\/publications-vivre-ensemble\/\" target=\"_blank\" rel=\"noreferrer noopener\">Vivre ensemble<\/a> : Association sp\u00e9cialis\u00e9e dans l\u2019information sur la th\u00e9matique de l\u2019asile et des r\u00e9fugi\u00e9s<\/li>\n<\/ul>\n<\/div>\n\n\n\n<div class=\"wp-block-column is-layout-flow wp-block-column-is-layout-flow\">\n<h2 class=\"wp-block-heading\" id=\"publications-scientifiques\"><mark style=\"background-color:rgba(0, 0, 0, 0);color:#6e2382\" class=\"has-inline-color\">Publications scientifiques<\/mark><\/h2>\n\n\n\n<ul class=\"wp-block-list\">\n<li><a href=\"https:\/\/www.sem.admin.ch\/dam\/data\/sem\/integration\/berichte\/hsk-erhebung-f.pdf\" target=\"_blank\" rel=\"noreferrer noopener\">Calder\u00f3n R., Fibbi R. et Truong Jasmine, Universit\u00e9 de Neuch\u00e2tel (2013) :<\/a> Situation professionnelle et besoins en mati\u00e8re de formation continue des enseignant-e-s des cours de langue et culture d\u2019origine : <em>Une enqu\u00eate dans 6 cantons : BE, GE, JU, LU, SO, VD<\/em><\/li>\n\n\n\n<li><a href=\"https:\/\/op.europa.eu\/en\/publication-detail\/-\/publication\/39c05fd6-2446-11e9-8d04-01aa75ed71a1\" target=\"_blank\" rel=\"noreferrer noopener\">Eurydice (2019) :<\/a> L\u2019int\u00e9gration des \u00e9l\u00e8ves issus de l\u2019immigration dans les \u00e9coles en Europe : <em>politiques et mesures nationales<\/em><\/li>\n\n\n\n<li><a href=\"https:\/\/www.sbfi.admin.ch\/sbfi\/fr\/home\/services\/publications\/base-de-donnees-des-publications\/etat-transition-i.html\" target=\"_blank\" rel=\"noreferrer noopener\">SEFRI\/CDIP (2019) : <\/a>Adolescents et jeunes adultes arriv\u00e9s tardivement en Suisse: \u00e9tat des lieux au niveau de la transition I<\/li>\n\n\n\n<li><a href=\"https:\/\/www.ge.ch\/document\/evaluation-dispositif-accueil-immersion-dans-canton-geneve\" target=\"_blank\" rel=\"noreferrer noopener\">Service de la recherche en \u00e9ducation (SRED), Gen\u00e8ve (2025) : <\/a>Aur\u00e9lie Pont,&nbsp;Marion Dutr\u00e9vis. \u00c9valuation d\u2019un dispositif d\u2019accueil en immersion dans le canton de Gen\u00e8ve.&nbsp;<\/li>\n\n\n\n<li><a href=\"http:\/\/ge.ch\/document\/11006\/telecharger\" target=\"_blank\" rel=\"noreferrer noopener\">Service de la recherche en \u00e9ducation (SRED), Gen\u00e8ve (2023) :<\/a> Engel, B., Le Roy-Zen Ruffinen, O. &amp; Pont A. \u00ab B1. Diversit\u00e9 linguistique et sociale des \u00e9l\u00e8ves de l\u2019enseignement public. L\u2019enseignement \u00e0 Gen\u00e8ve \u00bb (Rep\u00e8res et indicateurs statistiques)<\/li>\n\n\n\n<li><a href=\"https:\/\/www.ge.ch\/document\/etude-nouveaux-dispositifs-accueil-eleves-primo-arrivants-allophones\" target=\"_blank\" rel=\"noreferrer noopener\">Service de la recherche en \u00e9ducation (SRED), Gen\u00e8ve (2018) :<\/a> \u00c9tude sur les nouveaux dispositifs d\u2019accueil pour \u00e9l\u00e8ves primo-arrivants allophones<\/li>\n\n\n\n<li><a href=\"https:\/\/www.ge.ch\/document\/analyse-dispositifs-accueil-integration-eleves-primo-arrivants-allophones-rapport-2-etude-parcours-scolaires-eleves-issus-classes-accueil-geneve\" target=\"_blank\" rel=\"noreferrer noopener\">Service de la recherche en \u00e9ducation (SRED), Gen\u00e8ve (2016) : <\/a>Analyse des dispositifs d\u2019accueil et d\u2019int\u00e9gration des \u00e9l\u00e8ves primo-arrivants allophones. <em>Rapport 2 : \u00c9tude des parcours scolaires des \u00e9l\u00e8ves issus des classes d\u2019accueil \u00e0 Gen\u00e8ve.<\/em><\/li>\n\n\n\n<li><a href=\"https:\/\/www.ge.ch\/document\/note-information-du-sred-no-67-parcours-formation-adolescents-migrants-non-francophones\" target=\"_blank\" rel=\"noreferrer noopener\">Service de la recherche en \u00e9ducation (SRED), Gen\u00e8ve (2014)<\/a> : Hrizi, Y., (2014). <em>Les parcours de formation des adolescents migrants non francophones<\/em> (note d&rsquo;information)<\/li>\n\n\n\n<li><a href=\"https:\/\/www.ge.ch\/document\/10150\/telecharger\" target=\"_blank\" rel=\"noreferrer noopener\">Service de la recherche en \u00e9ducation (SRED), Gen\u00e8ve (2013)<\/a> : Rastoldo, F., Wassmer, P-A., Evrard, A., &amp; Kaiser C. A. (2013). <em>Analyse des dispositifs d&rsquo;accueil et d&rsquo;int\u00e9gration des \u00e9l\u00e8ves primo-arrivants allophones<\/em> (rapport)<\/li>\n\n\n\n<li><a href=\"https:\/\/www.ge.ch\/document\/10371\/telecharger\" target=\"_blank\" rel=\"noreferrer noopener\">Service de la recherche en \u00e9ducation (SRED), Gen\u00e8ve (2011)<\/a> : Schwob, I. (2011). <em>Les \u00e9l\u00e8ves allophones nouvellement arriv\u00e9s et leur accueil dans le syst\u00e8me scolaire genevois<\/em> (note d&rsquo;information)<\/li>\n<\/ul>\n<\/div>\n<\/div>\n\n\n\n<div class=\"wp-block-columns is-layout-flex wp-container-core-columns-is-layout-9d6595d7 wp-block-columns-is-layout-flex\">\n<div class=\"wp-block-column is-layout-flow wp-block-column-is-layout-flow\">\n<h2 class=\"wp-block-heading\" id=\"revues\"><mark style=\"background-color:rgba(0, 0, 0, 0);color:#6e2382\" class=\"has-inline-color\">Revues<\/mark><\/h2>\n\n\n\n<ul class=\"wp-block-list\">\n<li><a href=\"https:\/\/www.osar.ch\/publications\/revue-specialisee-asyl\" target=\"_blank\" rel=\"noreferrer noopener\">Asyl<\/a> : Revue suisse sp\u00e9cialis\u00e9e sur la pratique et le droit d\u2019asile<\/li>\n\n\n\n<li><a href=\"http:\/\/babylonia.ch\/index.html\" target=\"_blank\" rel=\"noreferrer noopener\">Babylonia<\/a> : Revue pour l\u2019enseignement et l\u2019apprentissage des langues<\/li>\n\n\n\n<li><a href=\"https:\/\/www.osar.ch\/publications\/magazine-planete-exil\" target=\"_blank\" rel=\"noreferrer noopener\">Plan\u00e8te Exil<\/a> : Magazine de l\u2019Organisation suisse d\u2019aide aux r\u00e9fugi\u00e9s<\/li>\n\n\n\n<li><a href=\"https:\/\/voixdexils.ch\/\" target=\"_blank\" rel=\"noreferrer noopener\">Voix d\u2019Exils<\/a> : Magazine donnant la parole aux exil\u00e9s<\/li>\n<\/ul>\n<\/div>\n\n\n\n<div class=\"wp-block-column is-layout-flow wp-block-column-is-layout-flow\"><\/div>\n<\/div>\n","protected":false},"excerpt":{"rendered":"<p>Guide et brochures de l&rsquo;UMA Flyers de l&rsquo;UMA Publications d&rsquo;associations et d&rsquo;organismes officiels Publications scientifiques Revues<\/p>\n","protected":false},"author":1,"featured_media":0,"parent":0,"menu_order":0,"comment_status":"closed","ping_status":"closed","template":"template-full-width.php","meta":{"footnotes":""},"class_list":["post-993","page","type-page","status-publish","hentry"],"_links":{"self":[{"href":"https:\/\/uma.edu-vd.ch\/index.php\/wp-json\/wp\/v2\/pages\/993","targetHints":{"allow":["GET"]}}],"collection":[{"href":"https:\/\/uma.edu-vd.ch\/index.php\/wp-json\/wp\/v2\/pages"}],"about":[{"href":"https:\/\/uma.edu-vd.ch\/index.php\/wp-json\/wp\/v2\/types\/page"}],"author":[{"embeddable":true,"href":"https:\/\/uma.edu-vd.ch\/index.php\/wp-json\/wp\/v2\/users\/1"}],"replies":[{"embeddable":true,"href":"https:\/\/uma.edu-vd.ch\/index.php\/wp-json\/wp\/v2\/comments?post=993"}],"version-history":[{"count":65,"href":"https:\/\/uma.edu-vd.ch\/index.php\/wp-json\/wp\/v2\/pages\/993\/revisions"}],"predecessor-version":[{"id":2858,"href":"https:\/\/uma.edu-vd.ch\/index.php\/wp-json\/wp\/v2\/pages\/993\/revisions\/2858"}],"wp:attachment":[{"href":"https:\/\/uma.edu-vd.ch\/index.php\/wp-json\/wp\/v2\/media?parent=993"}],"curies":[{"name":"wp","href":"https:\/\/api.w.org\/{rel}","templated":true}]}}